{"id":10,"date":"2017-04-15T17:44:08","date_gmt":"2017-04-15T17:44:08","guid":{"rendered":"http:\/\/www.techservice.fi\/?page_id=10"},"modified":"2024-11-08T12:47:39","modified_gmt":"2024-11-08T12:47:39","slug":"palveluttjanster","status":"publish","type":"page","link":"https:\/\/www.techservice.fi\/?page_id=10","title":{"rendered":"PALVELUT"},"content":{"rendered":"<p><img loading=\"lazy\" decoding=\"async\" class=\"alignnone size-full wp-image-594\" src=\"https:\/\/www.techservice.fi\/wp-content\/uploads\/2024\/02\/round_icons1.jpg\" alt=\"\" width=\"780\" height=\"780\" srcset=\"https:\/\/www.techservice.fi\/wp-content\/uploads\/2024\/02\/round_icons1.jpg 780w, https:\/\/www.techservice.fi\/wp-content\/uploads\/2024\/02\/round_icons1-300x300.jpg 300w, https:\/\/www.techservice.fi\/wp-content\/uploads\/2024\/02\/round_icons1-150x150.jpg 150w, https:\/\/www.techservice.fi\/wp-content\/uploads\/2024\/02\/round_icons1-768x768.jpg 768w, https:\/\/www.techservice.fi\/wp-content\/uploads\/2024\/02\/round_icons1-230x230.jpg 230w, https:\/\/www.techservice.fi\/wp-content\/uploads\/2024\/02\/round_icons1-350x350.jpg 350w, https:\/\/www.techservice.fi\/wp-content\/uploads\/2024\/02\/round_icons1-480x480.jpg 480w\" sizes=\"auto, (max-width: 780px) 100vw, 780px\" \/><\/p>\n<ul>\n<li><strong>IT palvelut:\u00a0<\/strong> Verkot<strong>, <\/strong>Tarjoamme kattavat palvelut verkkojen ja Wi-Fi-asennusten, reitittimien, palomuurien ja kytkimien vianetsint\u00e4\u00e4n, konfigurointiin ja asennukseen.<\/li>\n<li><strong>Pilvipalvelut<\/strong> TechService tarjoaa asiantuntevaa apua pilvipalveluiden, kuten Microsoft OneDriven tai Google Driven, k\u00e4ytt\u00f6\u00f6notossa. Lis\u00e4ksi tarjoamme konsultointia ja tukea Microsoftin palveluihin, kuten Office 365:een, Azure AD:hen ja Microsoft Endpointiin.<\/li>\n<li><strong>Tekninen tuki:<\/strong> Tarjoamme monipuolista teknist\u00e4 tukea PC-tietokoneiden ja Windows-palvelimien, ohjelmistojen, asennusten, vianetsinn\u00e4n ja korjausten saralla<\/li>\n<li><strong>Verkkosivut:<\/strong>Huolehdimme verkkosivujen p\u00e4ivityksist\u00e4 ja suunnittelusta sek\u00e4 uusien sivustojen toteutuksesta.<\/li>\n<li><strong>Webhotellien ja domainit:<\/strong>: Hoidamme webhotellien ja domainien hankinnan sek\u00e4 siirrot (.fi, .com, .org jne.) Tarjoamme my\u00f6s tietokantojen hankintaa ja asennusta esimerkiksi WordPressin ja muiden sovellusten tarpeisiin.<\/li>\n<li><strong>Teko\u00e4ly:<\/strong> Soveltaa \u00e4lyteknologia edistyneiden teknologisten ratkaisujen k\u00e4ytt\u00f6\u00f6n, k\u00e4yt\u00e4nn\u00f6n tarkoituksiin.<\/li>\n<li><strong>S\u00e4hk\u00f6postin konfigurointi<\/strong> Luomme uusia s\u00e4hk\u00f6postiosoitteita, hankimme lis\u00e4tilaa s\u00e4hk\u00f6postilaatikoille sek\u00e4 huolehdimme niiden varmuuskopioinnista ja tyhjennyksist\u00e4.<\/li>\n<li><strong>Info TV:<\/strong> Tarjoamme ty\u00f6kalut tiedon julkaisemiseen Info-TV:ss\u00e4 ja autamme l\u00f6yt\u00e4m\u00e4\u00e4n juuri teille sopivan ratkaisun yhteisty\u00f6ss\u00e4.<\/li>\n<li><strong>Henkil\u00f6st\u00f6vuokrauspalvelut:<\/strong>Tarjoamme ammattitaitoista henkil\u00f6st\u00f6vuokrausta muun muassa hoitoalalle. Lis\u00e4tietoa l\u00f6yd\u00e4t t\u00e4\u00e4lt\u00e4: <a href=\"https:\/\/www.techservice.fi\/ahvardservice\/index2.html\">AH V\u00e5rdService<\/a><\/li>\n<\/ul>\n","protected":false},"excerpt":{"rendered":"<p><img loading=\"lazy\" decoding=\"async\" class=\"alignnone size-full wp-image-594\" src=\"https:\/\/www.techservice.fi\/wp-content\/uploads\/2024\/02\/round_icons1.jpg\" alt=\"\" width=\"780\" height=\"780\" srcset=\"https:\/\/www.techservice.fi\/wp-content\/uploads\/2024\/02\/round_icons1.jpg 780w, https:\/\/www.techservice.fi\/wp-content\/uploads\/2024\/02\/round_icons1-300x300.jpg 300w, https:\/\/www.techservice.fi\/wp-content\/uploads\/2024\/02\/round_icons1-150x150.jpg 150w, https:\/\/www.techservice.fi\/wp-content\/uploads\/2024\/02\/round_icons1-768x768.jpg 768w, https:\/\/www.techservice.fi\/wp-content\/uploads\/2024\/02\/round_icons1-230x230.jpg 230w, https:\/\/www.techservice.fi\/wp-content\/uploads\/2024\/02\/round_icons1-350x350.jpg 350w, https:\/\/www.techservice.fi\/wp-content\/uploads\/2024\/02\/round_icons1-480x480.jpg 480w\" sizes=\"auto, (max-width: 780px) 100vw, 780px\" \/><\/p>\n<ul>\n<li><strong>IT palvelut:\u00a0<\/strong> Verkot<strong>, <\/strong>Tarjoamme kattavat palv&#8230;<br \/>\n","protected":false},"author":1,"featured_media":0,"parent":0,"menu_order":2,"comment_status":"closed","ping_status":"closed","template":"","meta":{"footnotes":""},"class_list":["post-10","page","type-page","status-publish","hentry"],"_links":{"self":[{"href":"https:\/\/www.techservice.fi\/index.php?rest_route=\/wp\/v2\/pages\/10","targetHints":{"allow":["GET"]}}],"collection":[{"href":"https:\/\/www.techservice.fi\/index.php?rest_route=\/wp\/v2\/pages"}],"about":[{"href":"https:\/\/www.techservice.fi\/index.php?rest_route=\/wp\/v2\/types\/page"}],"author":[{"embeddable":true,"href":"https:\/\/www.techservice.fi\/index.php?rest_route=\/wp\/v2\/users\/1"}],"replies":[{"embeddable":true,"href":"https:\/\/www.techservice.fi\/index.php?rest_route=%2Fwp%2Fv2%2Fcomments&post=10"}],"version-history":[{"count":68,"href":"https:\/\/www.techservice.fi\/index.php?rest_route=\/wp\/v2\/pages\/10\/revisions"}],"predecessor-version":[{"id":617,"href":"https:\/\/www.techservice.fi\/index.php?rest_route=\/wp\/v2\/pages\/10\/revisions\/617"}],"wp:attachment":[{"href":"https:\/\/www.techservice.fi\/index.php?rest_route=%2Fwp%2Fv2%2Fmedia&parent=10"}],"curies":[{"name":"wp","href":"https:\/\/api.w.org\/{rel}","templated":true}]}}