{"id":2,"date":"2017-04-15T17:18:51","date_gmt":"2017-04-15T17:18:51","guid":{"rendered":"http:\/\/www.techservice.fi\/?page_id=2"},"modified":"2024-11-08T13:20:11","modified_gmt":"2024-11-08T13:20:11","slug":"sample-page","status":"publish","type":"page","link":"https:\/\/www.techservice.fi\/","title":{"rendered":"ETUSIVU"},"content":{"rendered":"<p><img loading=\"lazy\" decoding=\"async\" class=\"alignnone size-full wp-image-576\" src=\"https:\/\/www.techservice.fi\/wp-content\/uploads\/2024\/02\/ai_paketbil.jpg\" alt=\"\" width=\"780\" height=\"446\" srcset=\"https:\/\/www.techservice.fi\/wp-content\/uploads\/2024\/02\/ai_paketbil.jpg 780w, https:\/\/www.techservice.fi\/wp-content\/uploads\/2024\/02\/ai_paketbil-300x172.jpg 300w, https:\/\/www.techservice.fi\/wp-content\/uploads\/2024\/02\/ai_paketbil-768x439.jpg 768w, https:\/\/www.techservice.fi\/wp-content\/uploads\/2024\/02\/ai_paketbil-230x132.jpg 230w, https:\/\/www.techservice.fi\/wp-content\/uploads\/2024\/02\/ai_paketbil-350x200.jpg 350w, https:\/\/www.techservice.fi\/wp-content\/uploads\/2024\/02\/ai_paketbil-480x274.jpg 480w\" sizes=\"auto, (max-width: 780px) 100vw, 780px\" \/><\/p>\n<p>TechService on IT-palvelujen toimittaja, joka keskittyy tarjoamaan ensiluokkaisen asiakaskokemuksen ja asiakaspalvelun.<\/p>\n<p>Tarjoamme laajan valikoiman IT-palveluita ja innovatiivisia pilvipohjaisia ratkaisuja.<\/p>\n<p>Yh\u00e4 digitaalisemmassa maailmassa on lukemattomia mahdollisuuksia tehostaa ja parantaa digitaalisia ratkaisuja p\u00e4ivitt\u00e4isiss\u00e4 rutiineissa.<\/p>\n<p>Samalla voi synty\u00e4 uusia haasteita ja ongelmatilanteita digitaalisella alueella, joissa TechService voi olla avuksi.<\/p>\n<p>Olitpa yrityksen edustaja tai yksityisasiakas, TechService voi toimittaa r\u00e4\u00e4t\u00e4l\u00f6ityj\u00e4 ratkaisuja digitaalisiin tarpeisiisi.<\/p>\n<p>Tarjoamme kaiken pilvipohjaisista palveluista ja verkkoinfrastruktuurista digitaalisten laitteiden hallintaan.<\/p>\n<p>Nettin\u00e4kyvyytesi lis\u00e4\u00e4miseksi voimme auttaa uusien verkkosivujen luomisessa tai olemassa olevien p\u00e4ivitt\u00e4misess\u00e4. Lis\u00e4ksi tarjoamme asiantuntemusta hakukoneoptimoinnissa, tehokkaassa s\u00e4hk\u00f6postinhallinnassa sek\u00e4 teko\u00e4lyn (AI) ja Info-TV-ratkaisujen k\u00e4yt\u00f6ss\u00e4.<\/p>\n<p>Kes\u00e4kuusta 2022 l\u00e4htien valikoimaamme kuuluvat my\u00f6s erikoistuneet henkil\u00f6st\u00f6palvelut, erityisesti hoitoalalle. Lis\u00e4tietoja l\u00f6yd\u00e4t osoitteesta: <a href=\"https:\/\/www.techservice.fi\/ahvardservice\/index2.html\">AH V\u00e5rdService.<\/a><\/p>\n<p>Lis\u00e4tietoja IT- palveluista l\u00f6yd\u00e4t t\u00e4\u00e4lt\u00e4: <a href=\"https:\/\/www.techservice.fi\/?page_id=10&amp;lang=fi\">PALVELUT.<\/a><\/p>\n","protected":false},"excerpt":{"rendered":"<p><img loading=\"lazy\" decoding=\"async\" class=\"alignnone size-full wp-image-576\" src=\"https:\/\/www.techservice.fi\/wp-content\/uploads\/2024\/02\/ai_paketbil.jpg\" alt=\"\" width=\"780\" height=\"446\" srcset=\"https:\/\/www.techservice.fi\/wp-content\/uploads\/2024\/02\/ai_paketbil.jpg 780w, https:\/\/www.techservice.fi\/wp-content\/uploads\/2024\/02\/ai_paketbil-300x172.jpg 300w, https:\/\/www.techservice.fi\/wp-content\/uploads\/2024\/02\/ai_paketbil-768x439.jpg 768w, https:\/\/www.techservice.fi\/wp-content\/uploads\/2024\/02\/ai_paketbil-230x132.jpg 230w, https:\/\/www.techservice.fi\/wp-content\/uploads\/2024\/02\/ai_paketbil-350x200.jpg 350w, https:\/\/www.techservice.fi\/wp-content\/uploads\/2024\/02\/ai_paketbil-480x274.jpg 480w\" sizes=\"auto, (max-width: 780px) 100vw, 780px\" \/><\/p>\n<p>TechService on IT-palvelujen toimittaja, joka keskittyy tarjoamaan ensiluokkaisen asiakask&#8230;<\/p>\n","protected":false},"author":1,"featured_media":0,"parent":0,"menu_order":1,"comment_status":"closed","ping_status":"open","template":"","meta":{"footnotes":""},"class_list":["post-2","page","type-page","status-publish","hentry"],"_links":{"self":[{"href":"https:\/\/www.techservice.fi\/index.php?rest_route=\/wp\/v2\/pages\/2","targetHints":{"allow":["GET"]}}],"collection":[{"href":"https:\/\/www.techservice.fi\/index.php?rest_route=\/wp\/v2\/pages"}],"about":[{"href":"https:\/\/www.techservice.fi\/index.php?rest_route=\/wp\/v2\/types\/page"}],"author":[{"embeddable":true,"href":"https:\/\/www.techservice.fi\/index.php?rest_route=\/wp\/v2\/users\/1"}],"replies":[{"embeddable":true,"href":"https:\/\/www.techservice.fi\/index.php?rest_route=%2Fwp%2Fv2%2Fcomments&post=2"}],"version-history":[{"count":76,"href":"https:\/\/www.techservice.fi\/index.php?rest_route=\/wp\/v2\/pages\/2\/revisions"}],"predecessor-version":[{"id":630,"href":"https:\/\/www.techservice.fi\/index.php?rest_route=\/wp\/v2\/pages\/2\/revisions\/630"}],"wp:attachment":[{"href":"https:\/\/www.techservice.fi\/index.php?rest_route=%2Fwp%2Fv2%2Fmedia&parent=2"}],"curies":[{"name":"wp","href":"https:\/\/api.w.org\/{rel}","templated":true}]}}